{"id":725,"date":"2018-02-05T11:13:35","date_gmt":"2018-02-05T10:13:35","guid":{"rendered":"https:\/\/www.kuechen.com\/ratgeber\/?page_id=725"},"modified":"2018-12-17T11:49:53","modified_gmt":"2018-12-17T10:49:53","slug":"einbaukuechen","status":"publish","type":"page","link":"https:\/\/www.kuechen.com\/ratgeber\/einbaukuechen\/","title":{"rendered":"Einbauk\u00fcchen"},"content":{"rendered":"<div class=\"fusion-fullwidth fullwidth-box fusion-fullwidth-1  fusion-parallax-none nonhundred-percent-fullwidth\" style=\"border-color:#eaeaea;border-bottom-width: 0px;border-top-width: 0px;border-bottom-style: solid;border-top-style: solid;padding-bottom:20px;padding-top:20px;padding-left:;padding-right:;\"><style type=\"text\/css\" scoped=\"scoped\">.fusion-fullwidth-1 {\n                            padding-left: px !important;\n                            padding-right: px !important;\n                        }<\/style><div class=\"fusion-row\"><div class=\"fusion-one-full fusion-layout-column fusion-column-last fusion-spacing-yes\" style=\"margin-top:0px;margin-bottom:20px;\"><div class=\"fusion-column-wrapper\"><h1 style=\"text-align: center;\">Einbauk\u00fcchen Ideen<\/h1>\n<p style=\"text-align: center;\"><strong>Moderne Einbauk\u00fcchen<\/strong> mit innovativen Materialien, neuester Technik und durchdachter Innenausstattung f\u00fcr jeden Stil. Kinderleichte Planung mit unserem <a href=\"https:\/\/www.kuechen.com\/ratgeber\/kuechenplanung\/\">K\u00fcchenplaner<\/a>.\u00a0Eine Einbauk\u00fcche beinhaltet alles, was in eine gute K\u00fcche hineingeh\u00f6rt. Angefangen von den Schr\u00e4nken, bis hin zu den Elektroger\u00e4ten. Die Einbauk\u00fcche kann ganz individuell in einen Raum eingepasst werden. Dazu ist es v\u00f6llig egal, ob es sich um einen kleinen Raum handelt oder um einen sehr gro\u00dfen raum. Wichtig f\u00fcr das Einpassen einer Einbauk\u00fcche, sind die Ma\u00dfe des Raumes, in dem die K\u00fcche stehen soll. Hier muss ganz genau ausgemessen werden, wo sich der Wasseranschluss f\u00fcr die Sp\u00fcle und eventuell f\u00fcr die Sp\u00fclmaschine befindet und der Elektroanschluss f\u00fcr den Herd und den K\u00fchlschrank. Wobei sich der K\u00fchlschrank nicht unbedingt in der N\u00e4he des Herdes befinden sollte, da die vom Herd ausgehende Hitze, die Temperaturen des K\u00fchlschrankes beeinflussen kann.<\/p>\n<div class=\"fusion-sep-clear\"><\/div><div class=\"fusion-separator fusion-full-width-sep sep-none\" style=\"border-color:#eaeaea;margin-left: auto;margin-right: auto;margin-top:25px;\"><\/div><div class=\"fusion-clearfix\"><\/div><\/div><\/div><div class=\"fusion-clearfix\"><\/div><\/div><\/div><div class=\"fusion-fullwidth fullwidth-box fusion-fullwidth-2  fusion-parallax-none nonhundred-percent-fullwidth\" style=\"border-color:#eaeaea;border-bottom-width: 0px;border-top-width: 0px;border-bottom-style: solid;border-top-style: solid;padding-bottom:20px;padding-top:20px;padding-left:;padding-right:;\"><style type=\"text\/css\" scoped=\"scoped\">.fusion-fullwidth-2 {\n                            padding-left: px !important;\n                            padding-right: px !important;\n                        }<\/style><div class=\"fusion-row\"><div class=\"fusion-one-full fusion-layout-column fusion-column-last fusion-spacing-yes\" style=\"margin-top:0px;margin-bottom:20px;\"><div class=\"fusion-column-wrapper\"><span class=\"fusion-imageframe imageframe-none imageframe-1 hover-type-none\"> <img src=\"https:\/\/www.kuechen.com\/ratgeber\/wp-content\/uploads\/Beitrag-Kueche-planen.jpg\" alt=\"Moderne Einbauk\u00fcche mit Marmorarbeitsplatte\" class=\"img-responsive\"\/><\/span><div class=\"fusion-clearfix\"><\/div><\/div><\/div><div class=\"fusion-clearfix\"><\/div><\/div><\/div><div class=\"fusion-fullwidth fullwidth-box fusion-fullwidth-3  fusion-parallax-none nonhundred-percent-fullwidth\" style=\"border-color:#eaeaea;border-bottom-width: 0px;border-top-width: 0px;border-bottom-style: solid;border-top-style: solid;padding-bottom:20px;padding-top:20px;padding-left:;padding-right:;\"><style type=\"text\/css\" scoped=\"scoped\">.fusion-fullwidth-3 {\n                            padding-left: px !important;\n                            padding-right: px !important;\n                        }<\/style><div class=\"fusion-row\"><div class=\"fusion-one-full fusion-layout-column fusion-column-last fusion-spacing-yes\" style=\"margin-top:0px;margin-bottom:20px;\"><div class=\"fusion-column-wrapper\"><div class=\"fusion-sep-clear\"><\/div><div class=\"fusion-separator fusion-full-width-sep sep-single\" style=\"border-color:#25a9bd;border-top-width:2px;margin-left: auto;margin-right: auto;margin-top:15px;margin-bottom:70px;width:100%;max-width:100%;\"><\/div><div class=\"fusion-sep-clear\"><\/div><div class=\"fusion-separator fusion-full-width-sep sep-none\" style=\"border-color:#eaeaea;margin-left: auto;margin-right: auto;margin-top:24px;\"><\/div><div class=\"fusion-clearfix\"><\/div><\/div><\/div><div class=\"fusion-clearfix\"><\/div><\/div><\/div><div class=\"fusion-fullwidth fullwidth-box fusion-fullwidth-4  fusion-parallax-none nonhundred-percent-fullwidth\" style=\"border-color:#eaeaea;border-bottom-width: 0px;border-top-width: 0px;border-bottom-style: solid;border-top-style: solid;padding-bottom:20px;padding-top:20px;padding-left:;padding-right:;\"><style type=\"text\/css\" scoped=\"scoped\">.fusion-fullwidth-4 {\n                            padding-left: px !important;\n                            padding-right: px !important;\n                        }<\/style><div class=\"fusion-row\"><div class=\"fusion-one-full fusion-layout-column fusion-column-last fusion-spacing-yes\" style=\"margin-top:0px;margin-bottom:20px;\"><div class=\"fusion-column-wrapper\"><h2 data-lineheight=\"58\" data-fontsize=\"40\">Die neuen Einbauk\u00fcchen &#8211; vielf\u00e4ltig, praktisch und mit klaren Formen<\/h2>\n<div class=\"fusion-clearfix\"><\/div><\/div><\/div><div class=\"fusion-clearfix\"><\/div><div class=\"fusion-one-full fusion-layout-column fusion-column-last fusion-spacing-yes\" style=\"margin-top:0px;margin-bottom:20px;\"><div class=\"fusion-column-wrapper\"><p>Die K\u00fcchentrends zeigen in verschiedene Richtungen. Aber egal, ob K\u00fcchenzeile, Landhausk\u00fcche, Familien-, Design- oder moderne K\u00fcche, K\u00fcchen sind heute mehr als nur ein Platz zum Kochen. Offene Formen zum Wohnraum hin, mit Kochinsel oder Theke, machen die K\u00fcche zum Zentrum, in dem man sich zum Kochen, Plaudern und Feiern trifft. Vielf\u00e4ltig sind die modernen, pflegeleichten K\u00fcchen und aus den unterschiedlichsten Materialien hergestellt. Hochglanz, Echtholz, Naturtrend, trendige Farben oder Materialmix &#8211; alles ist m\u00f6glich. Farblich \u00fcberwiegen helle T\u00f6ne, oft mit Holz kombiniert.<\/p>\n<p>Auch bei den K\u00fcchenformen ist Vielfalt angesagt: von der einfachen K\u00fcchenzeile \u00fcber L- und U-Formen, Winkel- und Inselk\u00fcche, bis hin zur K\u00fcche mit offenem \u00dcbergang zum Wohnraum. Ein weiteres Merkmal der neuen K\u00fcchen sind ihre klaren Formen, die durch schn\u00f6rkellose Griffe, umlaufende Griffmulden oder grifflose T\u00fcren und Ausz\u00fcge sowie glatte Fronten betont werden. Dahinter verbergen sich bestens durchdachte Innenausstattungen, die den Stauraum \u00fcbersichtlich machen und optimal ausnutzen. So k\u00f6nnen alle K\u00fcchenutensilien praktisch verstaut werden und sind schnell zur Hand, was die K\u00fcchenarbeit erleichtert. Leichtg\u00e4ngige Ausz\u00fcge lassen sich bequem \u00f6ffnen und schlie\u00dfen. F\u00fcr Kopffreiheit sorgen Faltlift- oder Klappt\u00fcren an den Oberschr\u00e4nken. Bei den Elektroger\u00e4ten wird viel Wert auf eine hohe Energieeffizienz und hochwertige Technik gelegt. F\u00fcr Kochmulden bieten sich Ceran- und Induktionsfelder in verschiedenen Ausf\u00fchrungen an. Backofen, Dampfgarer oder Mikrowelle sowie K\u00fchl-\/Gefrierkombination und Geschirrsp\u00fcler sind in Technikschr\u00e4nken frontgleich und ergonomisch bequem eingebaut.<\/p>\n<div class=\"fusion-clearfix\"><\/div><\/div><\/div><div class=\"fusion-clearfix\"><\/div><\/div><\/div><div class=\"fusion-fullwidth fullwidth-box fusion-fullwidth-5  fusion-parallax-none nonhundred-percent-fullwidth\" style=\"border-color:#eaeaea;border-bottom-width: 0px;border-top-width: 0px;border-bottom-style: solid;border-top-style: solid;padding-bottom:20px;padding-top:20px;padding-left:;padding-right:;\"><style type=\"text\/css\" scoped=\"scoped\">.fusion-fullwidth-5 {\n                            padding-left: px !important;\n                            padding-right: px !important;\n                        }<\/style><div class=\"fusion-row\"><div class=\"fusion-one-full fusion-layout-column fusion-column-last fusion-spacing-yes\" style=\"margin-top:0px;margin-bottom:20px;\"><div class=\"fusion-column-wrapper\"><span class=\"fusion-imageframe imageframe-none imageframe-2 hover-type-none\"> <img src=\"https:\/\/www.kuechen.com\/ratgeber\/wp-content\/uploads\/header-kochinsel.jpg\" alt=\"Sch\u00f6ne Einbauk\u00fcche modern in Hochglanz wei\u00df mit Kochinsel\" class=\"img-responsive\"\/><\/span><div class=\"fusion-clearfix\"><\/div><\/div><\/div><div class=\"fusion-clearfix\"><\/div><\/div><\/div><div class=\"fusion-one-full fusion-layout-column fusion-column-last fusion-spacing-yes\" style=\"margin-top:0px;margin-bottom:20px;\"><div class=\"fusion-column-wrapper\"><h3>Moderne Materialien f\u00fcr die K\u00fcchenkomponenten<\/h3>\n<p>F\u00fcr Arbeitsplatten und R\u00fcckw\u00e4nde werden Naturstein, Keramik, Schiefer und Granit immer beliebter. Diese Materialien sind sehr widerstandsf\u00e4hig, robust und pflegeleicht. Zu jedem Einrichtungsstil passend gibt es Sp\u00fclen und Armaturen. F\u00fcr K\u00fcchensp\u00fclen bieten sich Steinzeug, Edelstahl, Keramik, Quarz-Acryl und Granit in den unterschiedlichsten Formen und Ausf\u00fchrungen an. Die Designs der Armaturen sind ebenfalls vielf\u00e4ltig, sie sollten jedoch immer zum K\u00fcchenstil und zur Sp\u00fcle passen.<\/p>\n<p>Innovative Designs, komfortable Funktionen und durchdachte Staurauml\u00f6sungen zeichnen die neuen K\u00fcchen aus. \u00dcberzeugen Sie sich von unserem gro\u00dfen Angebot bei den verschiedenen K\u00fcchentrends und suchen Sie Ihre Wunschk\u00fcche aus.<\/p>\n<div class=\"fusion-clearfix\"><\/div><\/div><\/div><div class=\"fusion-clearfix\"><\/div>\n","protected":false},"excerpt":{"rendered":"","protected":false},"author":1,"featured_media":0,"parent":0,"menu_order":0,"comment_status":"closed","ping_status":"closed","template":"","meta":[],"_links":{"self":[{"href":"https:\/\/www.kuechen.com\/ratgeber\/wp-json\/wp\/v2\/pages\/725"}],"collection":[{"href":"https:\/\/www.kuechen.com\/ratgeber\/wp-json\/wp\/v2\/pages"}],"about":[{"href":"https:\/\/www.kuechen.com\/ratgeber\/wp-json\/wp\/v2\/types\/page"}],"author":[{"embeddable":true,"href":"https:\/\/www.kuechen.com\/ratgeber\/wp-json\/wp\/v2\/users\/1"}],"replies":[{"embeddable":true,"href":"https:\/\/www.kuechen.com\/ratgeber\/wp-json\/wp\/v2\/comments?post=725"}],"version-history":[{"count":5,"href":"https:\/\/www.kuechen.com\/ratgeber\/wp-json\/wp\/v2\/pages\/725\/revisions"}],"predecessor-version":[{"id":763,"href":"https:\/\/www.kuechen.com\/ratgeber\/wp-json\/wp\/v2\/pages\/725\/revisions\/763"}],"wp:attachment":[{"href":"https:\/\/www.kuechen.com\/ratgeber\/wp-json\/wp\/v2\/media?parent=725"}],"curies":[{"name":"wp","href":"https:\/\/api.w.org\/{rel}","templated":true}]}}