{"id":420,"date":"2016-02-24T15:44:54","date_gmt":"2016-02-24T14:44:54","guid":{"rendered":"https:\/\/www.kuechen.com\/ratgeber\/?page_id=420"},"modified":"2018-12-26T12:40:03","modified_gmt":"2018-12-26T11:40:03","slug":"kuechenplanung","status":"publish","type":"page","link":"https:\/\/www.kuechen.com\/ratgeber\/kuechenplanung\/","title":{"rendered":"K\u00fcchenplanung"},"content":{"rendered":"<div class=\"fusion-fullwidth fullwidth-box fusion-fullwidth-1  fusion-parallax-none nonhundred-percent-fullwidth\" style=\"border-color:#eaeaea;border-bottom-width: 0px;border-top-width: 0px;border-bottom-style: solid;border-top-style: solid;padding-bottom:20px;padding-top:20px;padding-left:;padding-right:;\"><style type=\"text\/css\" scoped=\"scoped\">.fusion-fullwidth-1 {\n                            padding-left: px !important;\n                            padding-right: px !important;\n                        }<\/style><div class=\"fusion-row\"><div class=\"fusion-one-full fusion-layout-column fusion-column-last fusion-spacing-yes\" style=\"margin-top:0px;margin-bottom:20px;\"><div class=\"fusion-column-wrapper\"><h1 style=\"text-align: center;\" data-fontsize=\"48\" data-lineheight=\"62\">K\u00fcchenplanung &#8211; planen Sie ihre K\u00fcche<\/h1>\n<p>Im Grunde genommen k\u00f6nnen nur Sie selbst wissen, wie Sie Ihre K\u00fcche planen sollen. Ob Ihnen gewohnte Handgriffe, kurze Laufwege oder eine angenehme und ruhige Atmosph\u00e4re in Ihrer K\u00fcche wichtig sind, m\u00fcssen Sie selbst bestimmen. In der <strong>K\u00fcchenplanung<\/strong> besitzen Sie, abgesehen von der Gr\u00f6\u00dfe und Form des Raumes, sehr viele M\u00f6glichkeiten. Design, Form und Stauraum k\u00f6nnen Sie f\u00fcr sich individuell gestalten, wir m\u00f6chten Sie daf\u00fcr gerne Inspirieren.<\/p>\n<div class=\"fusion-sep-clear\"><\/div><div class=\"fusion-separator fusion-full-width-sep sep-none\" style=\"border-color:#eaeaea;margin-left: auto;margin-right: auto;margin-top:25px;\"><\/div><div class=\"fusion-clearfix\"><\/div><\/div><\/div><div class=\"fusion-clearfix\"><\/div><\/div><\/div><div class=\"fusion-fullwidth fullwidth-box fusion-fullwidth-2  fusion-parallax-none nonhundred-percent-fullwidth\" style=\"border-color:#eaeaea;border-bottom-width: 0px;border-top-width: 0px;border-bottom-style: solid;border-top-style: solid;padding-bottom:20px;padding-top:20px;padding-left:;padding-right:;\"><style type=\"text\/css\" scoped=\"scoped\">.fusion-fullwidth-2 {\n                            padding-left: px !important;\n                            padding-right: px !important;\n                        }<\/style><div class=\"fusion-row\"><div class=\"fusion-one-full fusion-layout-column fusion-column-last fusion-spacing-yes\" style=\"margin-top:0px;margin-bottom:20px;\"><div class=\"fusion-column-wrapper\"><div class=\"fusion-sep-clear\"><\/div><div class=\"fusion-separator fusion-full-width-sep sep-single\" style=\"border-color:#25a9bd;border-top-width:2px;margin-left: auto;margin-right: auto;margin-top:15px;margin-bottom:70px;width:100%;max-width:100%;\"><\/div><div class=\"fusion-sep-clear\"><\/div><div class=\"fusion-separator fusion-full-width-sep sep-none\" style=\"border-color:#eaeaea;margin-left: auto;margin-right: auto;margin-top:24px;\"><\/div><div class=\"fusion-clearfix\"><\/div><\/div><\/div><div class=\"fusion-clearfix\"><\/div><\/div><\/div><div class=\"fusion-fullwidth fullwidth-box fusion-fullwidth-3  fusion-parallax-none nonhundred-percent-fullwidth\" style=\"border-color:#eaeaea;border-bottom-width: 0px;border-top-width: 0px;border-bottom-style: solid;border-top-style: solid;padding-bottom:20px;padding-top:20px;padding-left:;padding-right:;\"><style type=\"text\/css\" scoped=\"scoped\">.fusion-fullwidth-3 {\n                            padding-left: px !important;\n                            padding-right: px !important;\n                        }<\/style><div class=\"fusion-row\"><div class=\"fusion-one-full fusion-layout-column fusion-column-last fusion-spacing-yes\" style=\"margin-top:0px;margin-bottom:20px;\"><div class=\"fusion-column-wrapper\"><h2>Auf welche Aspekte m\u00f6chten Sie bei der K\u00fcchenplanung achten?<\/h2>\n<p>Mit gro\u00dfen Freiheiten entsteht meist leider auch die Qual der Wahl. Kuechen.com erkl\u00e4rt Ihnen die Einzelheiten verschiedener Schr\u00e4nke, Arbeitsplatten oder K\u00fcchenfronten und hilft Ihnen dabei, sich in Ihre individuelle K\u00fcchenplanung zu entscheiden. N\u00fctzliche Informationen finden Sie zu folgenden Elementen:<\/p>\n<div class=\"fusion-clearfix\"><\/div><\/div><\/div><div class=\"fusion-clearfix\"><\/div><div class=\"fusion-one-third fusion-layout-column fusion-spacing-yes\" style=\"margin-top:0px;margin-bottom:20px;\"><div class=\"fusion-column-wrapper\"><ul class=\"fusion-checklist fusion-checklist-1\" style=\"font-size:13px;line-height:22.1px;\"><li class=\"fusion-li-item\"><span style=\"background-color:#ff8d61;font-size:11.44px;height:22.1px;width:22.1px;margin-right:9.1px;\" class=\"icon-wrapper circle-yes\"><i class=\"fusion-li-icon fa fa-chevron-circle-right\" style=\"color:#ffffff;\"><\/i><\/span><div class=\"fusion-li-item-content\" style=\"margin-left:31.2px;\"><a href=\"https:\/\/www.kuechen.com\/kuechenschraenke\/\">K\u00fcchenschr\u00e4nke<\/a><\/div><\/li><li class=\"fusion-li-item\"><span style=\"background-color:#ff8d61;font-size:11.44px;height:22.1px;width:22.1px;margin-right:9.1px;\" class=\"icon-wrapper circle-yes\"><i class=\"fusion-li-icon fa fa-chevron-circle-right\" style=\"color:#ffffff;\"><\/i><\/span><div class=\"fusion-li-item-content\" style=\"margin-left:31.2px;\"><a href=\"https:\/\/www.kuechen.com\/ratgeber\/kuechenfronten\/\">K\u00fcchenfronten<\/a><\/div><\/li><\/ul><div class=\"fusion-clearfix\"><\/div><\/div><\/div><div class=\"fusion-one-third fusion-layout-column fusion-spacing-yes\" style=\"margin-top:0px;margin-bottom:20px;\"><div class=\"fusion-column-wrapper\"><ul class=\"fusion-checklist fusion-checklist-2\" style=\"font-size:13px;line-height:22.1px;\"><li class=\"fusion-li-item\"><span style=\"background-color:#ff8d61;font-size:11.44px;height:22.1px;width:22.1px;margin-right:9.1px;\" class=\"icon-wrapper circle-yes\"><i class=\"fusion-li-icon fa fa-chevron-circle-right\" style=\"color:#ffffff;\"><\/i><\/span><div class=\"fusion-li-item-content\" style=\"margin-left:31.2px;\"><a href=\"https:\/\/www.kuechen.com\/kuechen\/\">K\u00fcchenzeilen<\/a><\/div><\/li><li class=\"fusion-li-item\"><span style=\"background-color:#ff8d61;font-size:11.44px;height:22.1px;width:22.1px;margin-right:9.1px;\" class=\"icon-wrapper circle-yes\"><i class=\"fusion-li-icon fa fa-chevron-circle-right\" style=\"color:#ffffff;\"><\/i><\/span><div class=\"fusion-li-item-content\" style=\"margin-left:31.2px;\"><a href=\"https:\/\/www.kuechen.com\/kuechen\/singlekuechen\/\">Singlek\u00fcchen<\/a><\/div><\/li><\/ul><div class=\"fusion-clearfix\"><\/div><\/div><\/div><div class=\"fusion-one-third fusion-layout-column fusion-column-last fusion-spacing-yes\" style=\"margin-top:0px;margin-bottom:20px;\"><div class=\"fusion-column-wrapper\"><ul class=\"fusion-checklist fusion-checklist-3\" style=\"font-size:13px;line-height:22.1px;\"><li class=\"fusion-li-item\"><span style=\"background-color:#ff8d61;font-size:11.44px;height:22.1px;width:22.1px;margin-right:9.1px;\" class=\"icon-wrapper circle-yes\"><i class=\"fusion-li-icon fa fa-chevron-circle-right\" style=\"color:#ffffff;\"><\/i><\/span><div class=\"fusion-li-item-content\" style=\"margin-left:31.2px;\"><a href=\"https:\/\/www.kuechen.com\/ratgeber\/landhauskuechen\/\">Landhausk\u00fcchen<\/a><\/div><\/li><\/ul><div class=\"fusion-clearfix\"><\/div><\/div><\/div><div class=\"fusion-clearfix\"><\/div><p>In der K\u00fcchenplanung gibt es neben den einzelnen Elementen jedoch auch weitere Dinge, die Sie beachten sollten.<\/p>\n<\/div><\/div><div class=\"fusion-sep-clear\"><\/div><div class=\"fusion-separator fusion-full-width-sep sep-none\" style=\"border-color:#eaeaea;margin-left: auto;margin-right: auto;margin-top:75px;\"><\/div><div class=\"fusion-fullwidth fullwidth-box fusion-fullwidth-4  fusion-parallax-none nonhundred-percent-fullwidth\" style=\"border-color:#eaeaea;border-bottom-width: 0px;border-top-width: 0px;border-bottom-style: solid;border-top-style: solid;padding-bottom:20px;padding-top:20px;padding-left:;padding-right:;background-color:#25a9bd;\"><style type=\"text\/css\" scoped=\"scoped\">.fusion-fullwidth-4 {\n                            padding-left: px !important;\n                            padding-right: px !important;\n                        }<\/style><div class=\"fusion-row\"><div class=\"fusion-one-full fusion-layout-column fusion-column-last fusion-spacing-yes\" style=\"margin-top:0px;margin-bottom:20px;\"><div class=\"fusion-column-wrapper\"><div class=\"fusion-sep-clear\"><\/div><div class=\"fusion-separator fusion-full-width-sep sep-none\" style=\"border-color:#eaeaea;margin-left: auto;margin-right: auto;margin-top:25px;\"><\/div><h3 style=\"text-align: center;\"><span style=\"color: #ffffff;\">K\u00fcchendesign<\/span><\/h3>\n<p style=\"text-align: center;\"><span style=\"color: #ffffff;\">Trends in der K\u00fcche wechseln nur allzu h\u00e4ufig. Dennoch k\u00f6nnen Sie sich auch hier bei kuechen.com und unsere Social Media Kan\u00e4le stets \u00fcber aktuelle Trends informieren und bleiben somit auf dem Laufenden. Denken Sie dabei in der Planung daran, dass Ihnen Ihre pers\u00f6nliche K\u00fcche auch wirklich selbst gef\u00e4llt, da diese im Idealfall viele Jahre \u00fcberleben soll.<\/span><\/p>\n<div class=\"fusion-sep-clear\"><\/div><div class=\"fusion-separator fusion-full-width-sep sep-none\" style=\"border-color:#eaeaea;margin-left: auto;margin-right: auto;margin-top:15px;\"><\/div><div class=\"fusion-clearfix\"><\/div><\/div><\/div><div class=\"fusion-clearfix\"><\/div><\/div><\/div><div class=\"fusion-sep-clear\"><\/div><div class=\"fusion-separator fusion-full-width-sep sep-none\" style=\"border-color:#eaeaea;margin-left: auto;margin-right: auto;margin-top:100px;\"><\/div><div class=\"fusion-fullwidth fullwidth-box fusion-fullwidth-5  fusion-parallax-none nonhundred-percent-fullwidth\" style=\"border-color:#eaeaea;border-bottom-width: 0px;border-top-width: 0px;border-bottom-style: solid;border-top-style: solid;padding-bottom:20px;padding-top:20px;padding-left:;padding-right:;\"><style type=\"text\/css\" scoped=\"scoped\">.fusion-fullwidth-5 {\n                            padding-left: px !important;\n                            padding-right: px !important;\n                        }<\/style><div class=\"fusion-row\"><div class=\"fusion-one-full fusion-layout-column fusion-column-last fusion-spacing-yes\" style=\"margin-top:0px;margin-bottom:20px;\"><div class=\"fusion-column-wrapper\"><h3>Optik<\/h3>\n<p>Achten Sie bei der optischen K\u00fcchenplanung auch auf den Gesamteindruck zwischen der K\u00fcche, den W\u00e4nden, dem Boden, M\u00f6beln und Dekoration. In Form und Farbe ist Ihnen hier jedoch sehr viel Freiraum \u00fcberlassen. Entscheiden Sie sich zwischen matten und gl\u00e4nzenden Oberfl\u00e4chen, Holz- und Lackoptik oder Fronten und M\u00f6beln in bunten Farben und schwarzwei\u00df. Unterschiedliche Materialien bieten Ihnen aber nicht nur optische Unterschiede sondern individuelle Vor- und Nachteile in der Pflege. Finden Sie die ideale Arbeitsplatte f\u00fcr sich und lassen sich von uns beraten.<\/p>\n<p>Achten Sie auch hier auf folgende Elemente:<\/p>\n<div class=\"fusion-clearfix\"><\/div><\/div><\/div><div class=\"fusion-clearfix\"><\/div><div class=\"fusion-one-half fusion-layout-column fusion-spacing-yes\" style=\"margin-top:0px;margin-bottom:20px;\"><div class=\"fusion-column-wrapper\"><ul class=\"fusion-checklist fusion-checklist-4\" style=\"font-size:13px;line-height:22.1px;\"><li class=\"fusion-li-item\"><span style=\"background-color:#ff8d61;font-size:11.44px;height:22.1px;width:22.1px;margin-right:9.1px;\" class=\"icon-wrapper circle-yes\"><i class=\"fusion-li-icon fa fa-chevron-circle-right\" style=\"color:#ffffff;\"><\/i><\/span><div class=\"fusion-li-item-content\" style=\"margin-left:31.2px;\">Beleuchtung der Arbeitsfl\u00e4che<\/div><\/li><li class=\"fusion-li-item\"><span style=\"background-color:#ff8d61;font-size:11.44px;height:22.1px;width:22.1px;margin-right:9.1px;\" class=\"icon-wrapper circle-yes\"><i class=\"fusion-li-icon fa fa-chevron-circle-right\" style=\"color:#ffffff;\"><\/i><\/span><div class=\"fusion-li-item-content\" style=\"margin-left:31.2px;\">Material der Arbeitsplatte und der K\u00fcchenfronten<\/div><\/li><\/ul><div class=\"fusion-clearfix\"><\/div><\/div><\/div><div class=\"fusion-one-half fusion-layout-column fusion-column-last fusion-spacing-yes\" style=\"margin-top:0px;margin-bottom:20px;\"><div class=\"fusion-column-wrapper\"><ul class=\"fusion-checklist fusion-checklist-5\" style=\"font-size:13px;line-height:22.1px;\"><li class=\"fusion-li-item\"><span style=\"background-color:#ff8d61;font-size:11.44px;height:22.1px;width:22.1px;margin-right:9.1px;\" class=\"icon-wrapper circle-yes\"><i class=\"fusion-li-icon fa fa-chevron-circle-right\" style=\"color:#ffffff;\"><\/i><\/span><div class=\"fusion-li-item-content\" style=\"margin-left:31.2px;\">Form und Material der K\u00fcchensp\u00fcle<\/div><\/li><li class=\"fusion-li-item\"><span style=\"background-color:#ff8d61;font-size:11.44px;height:22.1px;width:22.1px;margin-right:9.1px;\" class=\"icon-wrapper circle-yes\"><i class=\"fusion-li-icon fa fa-chevron-circle-right\" style=\"color:#ffffff;\"><\/i><\/span><div class=\"fusion-li-item-content\" style=\"margin-left:31.2px;\">Griffform<\/div><\/li><\/ul><div class=\"fusion-clearfix\"><\/div><\/div><\/div><div class=\"fusion-clearfix\"><\/div><\/div><\/div><div class=\"fusion-sep-clear\"><\/div><div class=\"fusion-separator fusion-full-width-sep sep-none\" style=\"border-color:#eaeaea;margin-left: auto;margin-right: auto;margin-top:75px;\"><\/div><div class=\"fusion-fullwidth fullwidth-box fusion-fullwidth-6  fusion-parallax-none nonhundred-percent-fullwidth\" style=\"border-color:#eaeaea;border-bottom-width: 0px;border-top-width: 0px;border-bottom-style: solid;border-top-style: solid;padding-bottom:20px;padding-top:20px;padding-left:;padding-right:;\"><style type=\"text\/css\" scoped=\"scoped\">.fusion-fullwidth-6 {\n                            padding-left: px !important;\n                            padding-right: px !important;\n                        }<\/style><div class=\"fusion-row\"><div class=\"fusion-one-full fusion-layout-column fusion-column-last fusion-spacing-yes\" style=\"margin-top:0px;margin-bottom:20px;\"><div class=\"fusion-column-wrapper\"><span class=\"fusion-imageframe imageframe-none imageframe-1 hover-type-zoomin\"> <img src=\"https:\/\/www.kuechen.com\/ratgeber\/wp-content\/uploads\/kuechenplanung-1.jpg\" alt=\"K\u00fcchendesign\" class=\"img-responsive\"\/><\/span><div class=\"fusion-clearfix\"><\/div><\/div><\/div><div class=\"fusion-clearfix\"><\/div><\/div><\/div><div class=\"fusion-sep-clear\"><\/div><div class=\"fusion-separator fusion-full-width-sep sep-none\" style=\"border-color:#eaeaea;margin-left: auto;margin-right: auto;margin-top:50px;\"><\/div><div class=\"fusion-fullwidth fullwidth-box fusion-fullwidth-7  fusion-parallax-none nonhundred-percent-fullwidth\" style=\"border-color:#eaeaea;border-bottom-width: 0px;border-top-width: 0px;border-bottom-style: solid;border-top-style: solid;padding-bottom:20px;padding-top:20px;padding-left:;padding-right:;\"><style type=\"text\/css\" scoped=\"scoped\">.fusion-fullwidth-7 {\n                            padding-left: px !important;\n                            padding-right: px !important;\n                        }<\/style><div class=\"fusion-row\"><div class=\"fusion-one-half fusion-layout-column fusion-spacing-yes\" style=\"margin-top:0px;margin-bottom:20px;\"><div class=\"fusion-column-wrapper\"><h4>Form<\/h4>\n<p>Die beste K\u00fcchenform ist meistens durch die Ma\u00dfe des Raumes gegeben. In schmalen R\u00e4umen nutzen Sie die Fl\u00e4che beispielsweise durch einzeilige K\u00fcchen am besten, in gro\u00dfen R\u00e4umen eventuell mit einer <a href=\"https:\/\/www.kuechen.com\/ratgeber\/kuecheninseln\/\">K\u00fccheninsel<\/a> oder in einer offenen K\u00fcche in U-Form. Auch hier sind wieder Ihr individueller Geschmack und der von Ihnen gew\u00fcnschte Nutzen gefragt. Achten Sie jedoch darauf, neben dem Kochfeld f\u00fcr Arbeits- beziehungsweise Abstellfl\u00e4chen zu sorgen.<\/p>\n<div class=\"fusion-clearfix\"><\/div><\/div><\/div><div class=\"fusion-one-half fusion-layout-column fusion-column-last fusion-spacing-yes\" style=\"margin-top:0px;margin-bottom:20px;\"><div class=\"fusion-column-wrapper\"><h4>Beleuchtung<\/h4>\n<p>F\u00fcr ein optimales Gef\u00fchl beim Kochen ist eine ausreichende Beleuchtung notwendig. Gestalten Sie die Beleuchtung der Koch- und Arbeitsfl\u00e4chen beispielsweise durch Lampen unter den <a href=\"https:\/\/www.kuechen.com\/kuechenschraenke\/haengeschraenke\/\">H\u00e4ngeschr\u00e4nken<\/a>, um helles, direktes Licht zu schaffen. F\u00fcr den Essbereich sollte die Beleuchtung einen eher warmen, angenehmen Ton verbreiten. Durch dimmbare Lampen kann das Licht an die jeweilige Tageszeit individuell angepasst werden und f\u00fcr ein angenehmes Ambiente sorgen.<\/p>\n<div class=\"fusion-clearfix\"><\/div><\/div><\/div><div class=\"fusion-clearfix\"><\/div><div class=\"fusion-one-half fusion-layout-column fusion-spacing-yes\" style=\"margin-top:0px;margin-bottom:20px;\"><div class=\"fusion-column-wrapper\"><h4>K\u00fcchenger\u00e4te<\/h4>\n<p>Besitzen Sie aus Ihrer alten K\u00fcche eventuell schon Ger\u00e4te, die Sie auch in Ihre neue K\u00fcche miteinbauen wollen? Planen Sie im Voraus die Anordnung der Elektroger\u00e4te, sodass auch hier Laufwege und Stauraum effektiv genutzt werden. Traditionell werden beispielsweise Kochfelder direkt \u00fcber dem Backofen installiert. F\u00fcr ergonomisches Arbeiten k\u00f6nnten Sie aber den Ofen auch auf Augenh\u00f6he installieren.<\/p>\n<p>Achten Sie bei der Wahl Ihres K\u00fchlschrankes auf die Anzahl der Personen in Ihrem Haushalt. Um diesen energieeffizient zu halten, sollte er nicht leer stehen, nur weil sie einen zu gro\u00dfen K\u00fchlschrank f\u00fcr einen Zwei-Personen-Haushalt gew\u00e4hlt haben. Kleiner Tipp: Sollte er dennoch einmal sehr geleert sein, verwenden Sie Styropor um den freistehenden Innenraum auszuf\u00fcllen.<\/p>\n<div class=\"fusion-clearfix\"><\/div><\/div><\/div><div class=\"fusion-one-half fusion-layout-column fusion-column-last fusion-spacing-yes\" style=\"margin-top:0px;margin-bottom:20px;\"><div class=\"fusion-column-wrapper\"><h4>Ergonomie durch die ideale Arbeitsh\u00f6he<\/h4>\n<p>Entscheidend f\u00fcr ein angenehmes Kocherlebnis ist die ideale H\u00f6he der Arbeitsplatte. Bedenken Sie bei der K\u00fcchenplanung also die individuelle Gr\u00f6\u00dfe der kochenden Personen. Als Faustregel k\u00f6nnen Sie hierbei Ihren Ellenbogen nutzen. Kochfelder sollten circa 20cm und Arbeitsfl\u00e4chen 15cm unter Ihrem Ellbogen liegen. Beim Sp\u00fclbecken sollte f\u00fcr r\u00fcckenschonendes Sp\u00fclen der Boden des Beckens als Arbeitsfl\u00e4che betrachtet werden. Dieser sollte daher auch ungef\u00e4hr 15 bis 20cm unter dem Ellbogen liegen.<\/p>\n<p>Um in der K\u00fcchenplanung f\u00fcr Abwechslung zu sorgen, planen Sie bestenfalls auch einen Platz ein, an dem Sie sitzend arbeiten k\u00f6nnen. So k\u00f6nnen Sie einer einseitigen Haltung und Belastung vorbeugen.<\/p>\n<div class=\"fusion-clearfix\"><\/div><\/div><\/div><div class=\"fusion-clearfix\"><\/div><\/div><\/div>\n","protected":false},"excerpt":{"rendered":"","protected":false},"author":1,"featured_media":0,"parent":0,"menu_order":0,"comment_status":"closed","ping_status":"closed","template":"100-width.php","meta":[],"_links":{"self":[{"href":"https:\/\/www.kuechen.com\/ratgeber\/wp-json\/wp\/v2\/pages\/420"}],"collection":[{"href":"https:\/\/www.kuechen.com\/ratgeber\/wp-json\/wp\/v2\/pages"}],"about":[{"href":"https:\/\/www.kuechen.com\/ratgeber\/wp-json\/wp\/v2\/types\/page"}],"author":[{"embeddable":true,"href":"https:\/\/www.kuechen.com\/ratgeber\/wp-json\/wp\/v2\/users\/1"}],"replies":[{"embeddable":true,"href":"https:\/\/www.kuechen.com\/ratgeber\/wp-json\/wp\/v2\/comments?post=420"}],"version-history":[{"count":8,"href":"https:\/\/www.kuechen.com\/ratgeber\/wp-json\/wp\/v2\/pages\/420\/revisions"}],"predecessor-version":[{"id":766,"href":"https:\/\/www.kuechen.com\/ratgeber\/wp-json\/wp\/v2\/pages\/420\/revisions\/766"}],"wp:attachment":[{"href":"https:\/\/www.kuechen.com\/ratgeber\/wp-json\/wp\/v2\/media?parent=420"}],"curies":[{"name":"wp","href":"https:\/\/api.w.org\/{rel}","templated":true}]}}