{"id":223,"date":"2016-02-22T16:51:47","date_gmt":"2016-02-22T15:51:47","guid":{"rendered":"https:\/\/www.kuechen.com\/ratgeber\/?page_id=223"},"modified":"2019-05-04T11:05:37","modified_gmt":"2019-05-04T09:05:37","slug":"landhauskuechen","status":"publish","type":"page","link":"https:\/\/www.kuechen.com\/ratgeber\/landhauskuechen\/","title":{"rendered":"Landhausk\u00fcchen"},"content":{"rendered":"<div class=\"fusion-fullwidth fullwidth-box fusion-fullwidth-1  fusion-parallax-none nonhundred-percent-fullwidth\" style=\"border-color:#eaeaea;border-bottom-width: 0px;border-top-width: 0px;border-bottom-style: solid;border-top-style: solid;padding-bottom:20px;padding-top:20px;padding-left:;padding-right:;\"><style type=\"text\/css\" scoped=\"scoped\">.fusion-fullwidth-1 {\n                            padding-left: px !important;\n                            padding-right: px !important;\n                        }<\/style><div class=\"fusion-row\"><div class=\"fusion-one-full fusion-layout-column fusion-column-last fusion-spacing-yes\" style=\"margin-top:0px;margin-bottom:20px;\"><div class=\"fusion-column-wrapper\"><h1 style=\"text-align: center;\" data-lineheight=\"62\" data-fontsize=\"48\">Landhausk\u00fcchen: Retro trifft auf Modern<\/h1>\n<p style=\"text-align: center;\">Viele Menschen, auch wenn sie mitten in der Stadt leben, richten sich ihre Wohnung im Landhausstil ein. Und dazu geh\u00f6rt nat\u00fcrlich auch eine K\u00fcche im Landhausstil. Doch was zeichnet diesen Wohntrend \u00fcberhaupt aus. Denn <strong>Landhausk\u00fcchen<\/strong> sind nicht nur einfach eine K\u00fcche, sie bringen das Leben ins Haus, so wie es fr\u00fcher einmal war.<\/p>\n<div class=\"fusion-sep-clear\"><\/div><div class=\"fusion-separator fusion-full-width-sep sep-none\" style=\"border-color:#eaeaea;margin-left: auto;margin-right: auto;margin-top:25px;\"><\/div><div class=\"fusion-clearfix\"><\/div><\/div><\/div><div class=\"fusion-clearfix\"><\/div><\/div><\/div><div class=\"fusion-fullwidth fullwidth-box fusion-fullwidth-2  fusion-parallax-none nonhundred-percent-fullwidth\" style=\"border-color:#eaeaea;border-bottom-width: 0px;border-top-width: 0px;border-bottom-style: solid;border-top-style: solid;padding-bottom:20px;padding-top:20px;padding-left:;padding-right:;\"><style type=\"text\/css\" scoped=\"scoped\">.fusion-fullwidth-2 {\n                            padding-left: px !important;\n                            padding-right: px !important;\n                        }<\/style><div class=\"fusion-row\"><div class=\"fusion-one-full fusion-layout-column fusion-column-last fusion-spacing-yes\" style=\"margin-top:0px;margin-bottom:20px;\"><div class=\"fusion-column-wrapper\"><div class=\"fusion-sep-clear\"><\/div><div class=\"fusion-separator fusion-full-width-sep sep-single\" style=\"border-color:#25a9bd;border-top-width:2px;margin-left: auto;margin-right: auto;margin-top:15px;margin-bottom:70px;width:100%;max-width:100%;\"><\/div><div class=\"fusion-sep-clear\"><\/div><div class=\"fusion-separator fusion-full-width-sep sep-none\" style=\"border-color:#eaeaea;margin-left: auto;margin-right: auto;margin-top:24px;\"><\/div><div class=\"fusion-clearfix\"><\/div><\/div><\/div><div class=\"fusion-clearfix\"><\/div><\/div><\/div><div class=\"fusion-fullwidth fullwidth-box fusion-fullwidth-3  fusion-parallax-none nonhundred-percent-fullwidth\" style=\"border-color:#eaeaea;border-bottom-width: 0px;border-top-width: 0px;border-bottom-style: solid;border-top-style: solid;padding-bottom:20px;padding-top:20px;padding-left:;padding-right:;\"><style type=\"text\/css\" scoped=\"scoped\">.fusion-fullwidth-3 {\n                            padding-left: px !important;\n                            padding-right: px !important;\n                        }<\/style><div class=\"fusion-row\"><div class=\"fusion-one-full fusion-layout-column fusion-column-last fusion-spacing-yes\" style=\"margin-top:0px;margin-bottom:20px;\"><div class=\"fusion-column-wrapper\"><h2 data-lineheight=\"62\" data-fontsize=\"48\">Was ist eine Landhausk\u00fcche?<\/h2>\n<div class=\"fusion-clearfix\"><\/div><\/div><\/div><div class=\"fusion-clearfix\"><\/div><div class=\"fusion-two-third fusion-layout-column fusion-spacing-yes\" style=\"margin-top:0px;margin-bottom:20px;\"><div class=\"fusion-column-wrapper\"><p style=\"text-align: left;\">Landhausk\u00fcchen zeichnen sich vor allem dadurch aus, dass sie gem\u00fctlich sind. So wie fr\u00fcher oder wie es heute noch auf dem Land \u00fcblich ist, treffen sich alle Familienmitglieder und Freunde in der Landhaus K\u00fcche, die zwar gem\u00fctlich und vor allem auch zweckm\u00e4\u00dfig eingerichtet ist, bei den technischen Ger\u00e4te jedoch auf jeden Fall auch auf dem neuesten Stand ist. Wichtig bei einer Landhausk\u00fcche ist neben der K\u00fcchenzeile, in der gearbeitet wird, vor allem auch ein gro\u00dfer Tisch, an dem sich alle rundherum versammeln k\u00f6nnen. Der Charme der vergangenen l\u00e4ndlichen Zeiten, der sich in der <a href=\"https:\/\/www.kuechen.com\/ratgeber\/kuechenfronten\/\">K\u00fcchenfront<\/a> widerspiegeln kann paart sich mit den Neuheiten der Technik. So k\u00f6nnen Sie in Ihrer Landhausk\u00fcche auf dem neuesten Stand kochen, waschen, sp\u00fclen oder k\u00fchlen und einfrieren, auf der anderen Seite kommt die Gem\u00fctlichkeit aber auch nicht zu kurz- Denn alle Schrank- und K\u00fcchenelemente werden h\u00fcbsch verpackt in romantischem Stil.<\/p>\n<div class=\"fusion-clearfix\"><\/div><\/div><\/div><div class=\"fusion-one-third fusion-layout-column fusion-column-last fusion-spacing-yes\" style=\"margin-top:0px;margin-bottom:20px;\"><div class=\"fusion-column-wrapper\"><ul class=\"fusion-checklist fusion-checklist-1\" style=\"font-size:13px;line-height:22.1px;\"><li class=\"fusion-li-item\"><span style=\"background-color:#ff8d61;font-size:11.44px;height:22.1px;width:22.1px;margin-right:9.1px;\" class=\"icon-wrapper circle-yes\"><i class=\"fusion-li-icon fa fa-chevron-right\" style=\"color:#ffffff;\"><\/i><\/span><div class=\"fusion-li-item-content\" style=\"margin-left:31.2px;\">Charme der vergangenen Zeiten<\/div><\/li><li class=\"fusion-li-item\"><span style=\"background-color:#ff8d61;font-size:11.44px;height:22.1px;width:22.1px;margin-right:9.1px;\" class=\"icon-wrapper circle-yes\"><i class=\"fusion-li-icon fa fa-chevron-right\" style=\"color:#ffffff;\"><\/i><\/span><div class=\"fusion-li-item-content\" style=\"margin-left:31.2px;\">Miteinander der Familie, Freunde und Bekannte<\/div><\/li><li class=\"fusion-li-item\"><span style=\"background-color:#ff8d61;font-size:11.44px;height:22.1px;width:22.1px;margin-right:9.1px;\" class=\"icon-wrapper circle-yes\"><i class=\"fusion-li-icon fa fa-chevron-right\" style=\"color:#ffffff;\"><\/i><\/span><div class=\"fusion-li-item-content\" style=\"margin-left:31.2px;\">Zusammen am gro\u00dfen Tisch<\/div><\/li><li class=\"fusion-li-item\"><span style=\"background-color:#ff8d61;font-size:11.44px;height:22.1px;width:22.1px;margin-right:9.1px;\" class=\"icon-wrapper circle-yes\"><i class=\"fusion-li-icon fa fa-chevron-right\" style=\"color:#ffffff;\"><\/i><\/span><div class=\"fusion-li-item-content\" style=\"margin-left:31.2px;\">Moderne Technik die begeistert<\/div><\/li><\/ul><div class=\"fusion-clearfix\"><\/div><\/div><\/div><div class=\"fusion-clearfix\"><\/div><\/div><\/div><div class=\"fusion-sep-clear\"><\/div><div class=\"fusion-separator fusion-full-width-sep sep-none\" style=\"border-color:#eaeaea;margin-left: auto;margin-right: auto;margin-top:75px;\"><\/div><div class=\"fusion-fullwidth fullwidth-box fusion-fullwidth-4  fusion-parallax-none nonhundred-percent-fullwidth\" style=\"border-color:#eaeaea;border-bottom-width: 0px;border-top-width: 0px;border-bottom-style: solid;border-top-style: solid;padding-bottom:20px;padding-top:20px;padding-left:;padding-right:;background-color:#25a9bd;\"><style type=\"text\/css\" scoped=\"scoped\">.fusion-fullwidth-4 {\n                            padding-left: px !important;\n                            padding-right: px !important;\n                        }<\/style><div class=\"fusion-row\"><div class=\"fusion-one-full fusion-layout-column fusion-column-last fusion-spacing-yes\" style=\"margin-top:0px;margin-bottom:20px;\"><div class=\"fusion-column-wrapper\"><div class=\"fusion-sep-clear\"><\/div><div class=\"fusion-separator fusion-full-width-sep sep-none\" style=\"border-color:#eaeaea;margin-left: auto;margin-right: auto;margin-top:25px;\"><\/div><h3 style=\"text-align: center;\" data-lineheight=\"62\" data-fontsize=\"48\"><span style=\"color: #ffffff;\">Modernes gem\u00fctliches Ambiente, all dies bietet die Landhausk\u00fcche<\/span><\/h3>\n<h3 style=\"text-align: center;\" data-lineheight=\"62\" data-fontsize=\"48\"><\/h3>\n<p style=\"text-align: center;\"><span style=\"color: #ffffff;\">Fr\u00fcher in Gro\u00dfmutters K\u00fcchen vereinte sich die ganze Familie und kam hier nicht nur zum Essen zusammen. Denn die K\u00fcche war der Lebensmittelpunkt des Hauses, die \u201egute Stube\u201c blieb meist geschlossen und wurde nur an Feiertagen f\u00fcr alle ge\u00f6ffnet. So spielte sich das Leben vor allem in der K\u00fcche ab und genau das versuchen auch die Trends der K\u00fcche im Landhausstil wieder zu vermitteln. So bietet die Landhaus K\u00fcche mit verschiedenen Ideen ein besonders harmonisches Wir-Gef\u00fchl in der Familie. W\u00e4hrend Mutter oder Vater kochen, sitzen Kinder oder auch Freunde um einen gro\u00dfen Holztisch mit gem\u00fctlichen St\u00fchlen und wenn es der Platz erlaubt einer Holzbank und reden, malen oder spielen. Die K\u00fcchenzeile selbst ist ebenfalls aus Holz gefertigt, das mit romantischen Ornamenten veredelt wurde. Landhausk\u00fcchen ben\u00f6tigen nicht zwingend eine Holzoptik, auch Pastellfarben bringen hier viel Gem\u00fctlichkeit. Allerdings sollten Sie bei der Planung auf grelle Farben oder gl\u00e4nzenden Lack verzichten, eine Landhausk\u00fcche sollte matt gehalten werden.<\/span><\/p>\n<div class=\"fusion-sep-clear\"><\/div><div class=\"fusion-separator fusion-full-width-sep sep-none\" style=\"border-color:#eaeaea;margin-left: auto;margin-right: auto;margin-top:15px;\"><\/div><div class=\"fusion-clearfix\"><\/div><\/div><\/div><div class=\"fusion-clearfix\"><\/div><\/div><\/div><div class=\"fusion-sep-clear\"><\/div><div class=\"fusion-separator fusion-full-width-sep sep-none\" style=\"border-color:#eaeaea;margin-left: auto;margin-right: auto;margin-top:100px;\"><\/div><div class=\"fusion-fullwidth fullwidth-box fusion-fullwidth-5  fusion-parallax-none nonhundred-percent-fullwidth\" style=\"border-color:#eaeaea;border-bottom-width: 0px;border-top-width: 0px;border-bottom-style: solid;border-top-style: solid;padding-bottom:20px;padding-top:20px;padding-left:;padding-right:;\"><style type=\"text\/css\" scoped=\"scoped\">.fusion-fullwidth-5 {\n                            padding-left: px !important;\n                            padding-right: px !important;\n                        }<\/style><div class=\"fusion-row\"><div class=\"fusion-one-third fusion-layout-column fusion-spacing-yes\" style=\"margin-top:0px;margin-bottom:20px;\"><div class=\"fusion-column-wrapper\"><ul class=\"fusion-checklist fusion-checklist-2\" style=\"font-size:13px;line-height:22.1px;\"><li class=\"fusion-li-item\"><span style=\"background-color:#ff8d61;font-size:11.44px;height:22.1px;width:22.1px;margin-right:9.1px;\" class=\"icon-wrapper circle-yes\"><i class=\"fusion-li-icon fa fa-chevron-right\" style=\"color:#ffffff;\"><\/i><\/span><div class=\"fusion-li-item-content\" style=\"margin-left:31.2px;\">gro\u00dfer Holztisch als gem\u00fctliche Sitzgelegenheit<\/div><\/li><li class=\"fusion-li-item\"><span style=\"background-color:#ff8d61;font-size:11.44px;height:22.1px;width:22.1px;margin-right:9.1px;\" class=\"icon-wrapper circle-yes\"><i class=\"fusion-li-icon fa fa-chevron-right\" style=\"color:#ffffff;\"><\/i><\/span><div class=\"fusion-li-item-content\" style=\"margin-left:31.2px;\">romantisch mit Ornamenten an der K\u00fcchenfront<\/div><\/li><li class=\"fusion-li-item\"><span style=\"background-color:#ff8d61;font-size:11.44px;height:22.1px;width:22.1px;margin-right:9.1px;\" class=\"icon-wrapper circle-yes\"><i class=\"fusion-li-icon fa fa-chevron-right\" style=\"color:#ffffff;\"><\/i><\/span><div class=\"fusion-li-item-content\" style=\"margin-left:31.2px;\">Holzelemente spielen eine gro\u00dfe Rolle in der Landhausk\u00fcche<\/div><\/li><\/ul><div class=\"fusion-sep-clear\"><\/div><div class=\"fusion-separator fusion-full-width-sep sep-none\" style=\"border-color:#eaeaea;margin-left: auto;margin-right: auto;margin-top:50px;\"><\/div><ul class=\"fusion-checklist fusion-checklist-3\" style=\"font-size:13px;line-height:22.1px;\"><li class=\"fusion-li-item\"><span style=\"background-color:#ff8d61;font-size:11.44px;height:22.1px;width:22.1px;margin-right:9.1px;\" class=\"icon-wrapper circle-yes\"><i class=\"fusion-li-icon fa fa-chevron-right\" style=\"color:#ffffff;\"><\/i><\/span><div class=\"fusion-li-item-content\" style=\"margin-left:31.2px;\">individuell nach eigenen W\u00fcnschen gestalten<\/div><\/li><li class=\"fusion-li-item\"><span style=\"background-color:#ff8d61;font-size:11.44px;height:22.1px;width:22.1px;margin-right:9.1px;\" class=\"icon-wrapper circle-yes\"><i class=\"fusion-li-icon fa fa-chevron-right\" style=\"color:#ffffff;\"><\/i><\/span><div class=\"fusion-li-item-content\" style=\"margin-left:31.2px;\">Neuzeit und Vergangenheit miteinander vereinen<\/div><\/li><li class=\"fusion-li-item\"><span style=\"background-color:#ff8d61;font-size:11.44px;height:22.1px;width:22.1px;margin-right:9.1px;\" class=\"icon-wrapper circle-yes\"><i class=\"fusion-li-icon fa fa-chevron-right\" style=\"color:#ffffff;\"><\/i><\/span><div class=\"fusion-li-item-content\" style=\"margin-left:31.2px;\">Komfort und Technik sind auch bei Landhausk\u00fcchen wichtig<\/div><\/li><\/ul><div class=\"fusion-clearfix\"><\/div><\/div><\/div><div class=\"fusion-two-third fusion-layout-column fusion-column-last fusion-spacing-yes\" style=\"margin-top:0px;margin-bottom:20px;\"><div class=\"fusion-column-wrapper\"><span class=\"fusion-imageframe imageframe-none imageframe-1 hover-type-zoomin\"> <img src=\"https:\/\/www.kuechen.com\/ratgeber\/wp-content\/uploads\/landhausk\u00fcche-3.jpg\" alt=\"K\u00fcchendesign\"><\/span><div class=\"fusion-clearfix\"><\/div><\/div><\/div><div class=\"fusion-clearfix\"><\/div><div class=\"fusion-sep-clear\"><\/div><div class=\"fusion-separator fusion-full-width-sep sep-none\" style=\"border-color:#eaeaea;margin-left: auto;margin-right: auto;margin-top:75px;\"><\/div><div class=\"fusion-one-full fusion-layout-column fusion-column-last fusion-spacing-yes\" style=\"margin-top:0px;margin-bottom:20px;\"><div class=\"fusion-column-wrapper\"><h3 data-lineheight=\"62\" data-fontsize=\"48\">Ihre Landhausk\u00fcche im Landhausstil individuell gestalten<\/h3>\n<p style=\"text-align: left;\">Auch Sie k\u00f6nnen Ihre Landhaus K\u00fcche ganz individuell gestalten und Ihrem ganz eigenen Stil anpassen. So sind, wenn Sie eine gro\u00dfe <a href=\"https:\/\/www.kuechen.com\/ratgeber\/einbaukuechen\/\">Einbauk\u00fcche<\/a> besitzen, mittig angelegte Kochinseln auch bei den Landhausk\u00fcchen sehr beliebt. \u00dcber dieser Kochgelegenheit finden von der Decke h\u00e4ngend alle f\u00fcr das Kochen ben\u00f6tigte Utensilien wie T\u00f6pfe, Pfannen und gro\u00dfe L\u00f6ffel oder Pfannenwender ihren Platz. Aber auch bei weniger Platz und Eingliederung ihres Herdes in die K\u00fcchenzeile k\u00f6nnen Sie die Arbeitsmesser an die Wand \u00fcber dem Herd an einer Magnetschiene befestigen und auch hier die T\u00f6pfe und Pfannen von der Decke h\u00e4ngen lassen. Auf die Fensterbank geh\u00f6ren in einer Landhausk\u00fcche nat\u00fcrlich verschiedenen Kr\u00e4uterpflanzen in T\u00f6pfen f\u00fcr den sofortigen Gebrauch. Wer hier keine Fensterbank zur Verf\u00fcgung hat, kann auch einen schmalen Holztisch unter das Fenster schieben. Ganz wichtig ist, dass es sich bei der K\u00fcche im Landhausstil um eine moderne Einbauk\u00fcche handelt, die in Komfort und neuester Technik mit allen anderen K\u00fcchen mithalten kann. So k\u00f6nnen Sie in ihrer Landhaus K\u00fcche kochen, ohne auf die Annehmlichkeiten der heutigen Zeit verzichten zu m\u00fcssen, gleichzeitig bewahren Sie sich aber auch das Flair der Vergangenheit.<\/p>\n<div class=\"fusion-clearfix\"><\/div><\/div><\/div><div class=\"fusion-clearfix\"><\/div><div class=\"fusion-sep-clear\"><\/div><div class=\"fusion-separator fusion-full-width-sep sep-none\" style=\"border-color:#eaeaea;margin-left: auto;margin-right: auto;margin-top:50px;\"><\/div><div class=\"fusion-one-third fusion-layout-column fusion-spacing-yes\" style=\"margin-top:0px;margin-bottom:20px;\"><div class=\"fusion-column-wrapper\"><span class=\"fusion-imageframe imageframe-none imageframe-2 hover-type-zoomin\"> <img src=\"https:\/\/www.kuechen.com\/ratgeber\/wp-content\/uploads\/Landhausk\u00fcche-1.jpg\" alt=\"K\u00fcchendesign\"><\/span><span class=\"fusion-imageframe imageframe-none imageframe-3 hover-type-zoomin\"> <img src=\"https:\/\/www.kuechen.com\/ratgeber\/wp-content\/uploads\/landhausk\u00fcche-4.jpg\" alt=\"K\u00fcchendesign\"><\/span><div class=\"fusion-clearfix\"><\/div><\/div><\/div><div class=\"fusion-two-third fusion-layout-column fusion-column-last fusion-spacing-yes\" style=\"margin-top:0px;margin-bottom:20px;\"><div class=\"fusion-column-wrapper\"><h3 data-lineheight=\"62\" data-fontsize=\"48\">Die Ausstattung<\/h3>\n<p>Die Ausstattung Ihrer K\u00fcche im Landhausstil k\u00f6nnen Sie ebenfalls ganz individuell gestalten. Denn alle K\u00fcchenschr\u00e4nke erhalten Sie in der Ausstattung, wie Sie es auch von den modern gestalteten K\u00fcchen kennen. So haben Sie die M\u00f6glichkeit, bei den Unter- und Oberschr\u00e4nken zwischen den verschiedensten Variationen zu w\u00e4hlen. Diese \u00fcberzeugen vor allem auch in Funktionalit\u00e4t und Ergonomie, wie alle anderen K\u00fcchen auch.<\/p>\n<p>Durch die gew\u00e4hlten spezifischen K\u00fcchenfronten erst wird Ihre K\u00fcche zur Landhaus K\u00fcche. Ebenfalls eingebaut werden Waschmaschine, Herd, Sp\u00fclmaschine und K\u00fchlschrank in die verschiedenen Varianten der Landhausk\u00fcchen. Hierzu geh\u00f6rt der skandinavische Stil ebenso wie der mediterrane Stil. Aus den vielen verschiedenen Modellen k\u00f6nnen Sie sich Ihren ganz pers\u00f6nlichen Favoriten aussuchen und so gestalten lassen, dass die f\u00fcr Sie perfekte K\u00fcche zum Arbeiten und Wohlf\u00fchlen entsteht. Eine K\u00fcche im Landhausstil ist nicht nur einfach eine K\u00fcche, sondern ein Raum, in dem sich die ganze Familie sowie Freunde und Bekannte wohlf\u00fchlen.<\/p>\n<div class=\"fusion-sep-clear\"><\/div><div class=\"fusion-separator fusion-full-width-sep sep-none\" style=\"border-color:#eaeaea;margin-left: auto;margin-right: auto;margin-top:50px;\"><\/div><ul class=\"fusion-checklist fusion-checklist-4\" style=\"font-size:13px;line-height:22.1px;\"><li class=\"fusion-li-item\"><span style=\"background-color:#ff8d61;font-size:11.44px;height:22.1px;width:22.1px;margin-right:9.1px;\" class=\"icon-wrapper circle-yes\"><i class=\"fusion-li-icon fa fa-chevron-right\" style=\"color:#ffffff;\"><\/i><\/span><div class=\"fusion-li-item-content\" style=\"margin-left:31.2px;\">Einbauk\u00fcche mit vielen Variationen individuell gestaltet<\/div><\/li><li class=\"fusion-li-item\"><span style=\"background-color:#ff8d61;font-size:11.44px;height:22.1px;width:22.1px;margin-right:9.1px;\" class=\"icon-wrapper circle-yes\"><i class=\"fusion-li-icon fa fa-chevron-right\" style=\"color:#ffffff;\"><\/i><\/span><div class=\"fusion-li-item-content\" style=\"margin-left:31.2px;\">Ausstattung steht den modernen K\u00fcchen in nichts nach<\/div><\/li><li class=\"fusion-li-item\"><span style=\"background-color:#ff8d61;font-size:11.44px;height:22.1px;width:22.1px;margin-right:9.1px;\" class=\"icon-wrapper circle-yes\"><i class=\"fusion-li-icon fa fa-chevron-right\" style=\"color:#ffffff;\"><\/i><\/span><div class=\"fusion-li-item-content\" style=\"margin-left:31.2px;\">Funktionalit\u00e4t und Ergonomie stehen an erster Stelle<\/div><\/li><li class=\"fusion-li-item\"><span style=\"background-color:#ff8d61;font-size:11.44px;height:22.1px;width:22.1px;margin-right:9.1px;\" class=\"icon-wrapper circle-yes\"><i class=\"fusion-li-icon fa fa-chevron-right\" style=\"color:#ffffff;\"><\/i><\/span><div class=\"fusion-li-item-content\" style=\"margin-left:31.2px;\">erst durch die gew\u00e4hlten Fronten wird die K\u00fcche zur Landhausk\u00fcche<\/div><\/li><li class=\"fusion-li-item\"><span style=\"background-color:#ff8d61;font-size:11.44px;height:22.1px;width:22.1px;margin-right:9.1px;\" class=\"icon-wrapper circle-yes\"><i class=\"fusion-li-icon fa fa-chevron-right\" style=\"color:#ffffff;\"><\/i><\/span><div class=\"fusion-li-item-content\" style=\"margin-left:31.2px;\">mediterran oder skandinavisch, jeder nach seinem Geschmack<\/div><\/li><\/ul><ul class=\"fusion-checklist fusion-checklist-5\" style=\"font-size:13px;line-height:22.1px;\"><li class=\"fusion-li-item\"><span style=\"background-color:#ff8d61;font-size:11.44px;height:22.1px;width:22.1px;margin-right:9.1px;\" class=\"icon-wrapper circle-yes\"><i class=\"fusion-li-icon fa fa-chevron-right\" style=\"color:#ffffff;\"><\/i><\/span><div class=\"fusion-li-item-content\" style=\"margin-left:31.2px;\">Beispiel 1 &#8211; <a href=\"http:\/\/schwarzwald-kuechen.de\/landhauskuechen\" target=\"_blank\" rel=\"noopener noreferrer\">Schwarzwald Landhausk\u00fcchen<\/a><\/div><\/li><li class=\"fusion-li-item\"><span style=\"background-color:#ff8d61;font-size:11.44px;height:22.1px;width:22.1px;margin-right:9.1px;\" class=\"icon-wrapper circle-yes\"><i class=\"fusion-li-icon fa fa-chevron-right\" style=\"color:#ffffff;\"><\/i><\/span><div class=\"fusion-li-item-content\" style=\"margin-left:31.2px;\">Beispiel 2 &#8211;&nbsp;<a href=\"http:\/\/www.edle-landhauskuechen.de\/\" target=\"_blank\" rel=\"noopener noreferrer\">Edle Landhausk\u00fcchen<\/a><\/div><\/li><li class=\"fusion-li-item\"><span style=\"background-color:#ff8d61;font-size:11.44px;height:22.1px;width:22.1px;margin-right:9.1px;\" class=\"icon-wrapper circle-yes\"><i class=\"fusion-li-icon fa fa-chevron-right\" style=\"color:#ffffff;\"><\/i><\/span><div class=\"fusion-li-item-content\" style=\"margin-left:31.2px;\">Beispiel 3 &#8211;&nbsp;<a href=\"https:\/\/www.nolte-kuechen.de\/de\/moderner-landhausstil\" target=\"_blank\" rel=\"noopener noreferrer\">Moderne Landhausk\u00fcchen<\/a><\/div><\/li><\/ul><div class=\"fusion-clearfix\"><\/div><\/div><\/div><div class=\"fusion-clearfix\"><\/div><\/div><\/div>\n","protected":false},"excerpt":{"rendered":"","protected":false},"author":1,"featured_media":0,"parent":0,"menu_order":0,"comment_status":"closed","ping_status":"closed","template":"100-width.php","meta":[],"_links":{"self":[{"href":"https:\/\/www.kuechen.com\/ratgeber\/wp-json\/wp\/v2\/pages\/223"}],"collection":[{"href":"https:\/\/www.kuechen.com\/ratgeber\/wp-json\/wp\/v2\/pages"}],"about":[{"href":"https:\/\/www.kuechen.com\/ratgeber\/wp-json\/wp\/v2\/types\/page"}],"author":[{"embeddable":true,"href":"https:\/\/www.kuechen.com\/ratgeber\/wp-json\/wp\/v2\/users\/1"}],"replies":[{"embeddable":true,"href":"https:\/\/www.kuechen.com\/ratgeber\/wp-json\/wp\/v2\/comments?post=223"}],"version-history":[{"count":32,"href":"https:\/\/www.kuechen.com\/ratgeber\/wp-json\/wp\/v2\/pages\/223\/revisions"}],"predecessor-version":[{"id":797,"href":"https:\/\/www.kuechen.com\/ratgeber\/wp-json\/wp\/v2\/pages\/223\/revisions\/797"}],"wp:attachment":[{"href":"https:\/\/www.kuechen.com\/ratgeber\/wp-json\/wp\/v2\/media?parent=223"}],"curies":[{"name":"wp","href":"https:\/\/api.w.org\/{rel}","templated":true}]}}