{"id":215,"date":"2016-02-19T14:57:37","date_gmt":"2016-02-19T13:57:37","guid":{"rendered":"https:\/\/www.kuechen.com\/ratgeber\/?page_id=215"},"modified":"2018-12-17T11:58:30","modified_gmt":"2018-12-17T10:58:30","slug":"kuecheninseln","status":"publish","type":"page","link":"https:\/\/www.kuechen.com\/ratgeber\/kuecheninseln\/","title":{"rendered":"K\u00fccheninseln"},"content":{"rendered":"<div class=\"fusion-fullwidth fullwidth-box fusion-fullwidth-1  fusion-parallax-none nonhundred-percent-fullwidth\" style=\"border-color:#eaeaea;border-bottom-width: 0px;border-top-width: 0px;border-bottom-style: solid;border-top-style: solid;padding-bottom:20px;padding-top:20px;padding-left:;padding-right:;\"><style type=\"text\/css\" scoped=\"scoped\">.fusion-fullwidth-1 {\n                            padding-left: px !important;\n                            padding-right: px !important;\n                        }<\/style><div class=\"fusion-row\"><div class=\"fusion-one-full fusion-layout-column fusion-column-last fusion-spacing-yes\" style=\"margin-top:0px;margin-bottom:20px;\"><div class=\"fusion-column-wrapper\"><h1 style=\"text-align: center;\" data-lineheight=\"62\" data-fontsize=\"48\">K\u00fccheninseln stehen f\u00fcr offene Wohnraumgestaltung<\/h1>\n<p style=\"text-align: center;\">F\u00fcr Ihre neue Wohnung m\u00f6chten Sie sich eine <strong>K\u00fccheninsel kaufen<\/strong>? Damit liegen Sie klar im Trend und machen einen gro\u00dfen Schritt zur modernen und offenen Wohngestaltung. Warum sich viele f\u00fcr diese L\u00f6sung entscheiden und was auch Sie dabei beachten sollten, zeigen wir Ihnen gerne.<\/p>\n<div class=\"fusion-sep-clear\"><\/div><div class=\"fusion-separator fusion-full-width-sep sep-none\" style=\"border-color:#eaeaea;margin-left: auto;margin-right: auto;margin-top:25px;\"><\/div><div class=\"fusion-clearfix\"><\/div><\/div><\/div><div class=\"fusion-clearfix\"><\/div><\/div><\/div><div class=\"fusion-fullwidth fullwidth-box fusion-fullwidth-2  fusion-parallax-none nonhundred-percent-fullwidth\" style=\"border-color:#eaeaea;border-bottom-width: 0px;border-top-width: 0px;border-bottom-style: solid;border-top-style: solid;padding-bottom:20px;padding-top:20px;padding-left:;padding-right:;\"><style type=\"text\/css\" scoped=\"scoped\">.fusion-fullwidth-2 {\n                            padding-left: px !important;\n                            padding-right: px !important;\n                        }<\/style><div class=\"fusion-row\"><div class=\"fusion-one-full fusion-layout-column fusion-column-last fusion-spacing-yes\" style=\"margin-top:0px;margin-bottom:20px;\"><div class=\"fusion-column-wrapper\"><div class=\"fusion-sep-clear\"><\/div><div class=\"fusion-separator fusion-full-width-sep sep-single\" style=\"border-color:#25a9bd;border-top-width:2px;margin-left: auto;margin-right: auto;margin-top:15px;margin-bottom:70px;width:100%;max-width:100%;\"><\/div><div class=\"fusion-sep-clear\"><\/div><div class=\"fusion-separator fusion-full-width-sep sep-none\" style=\"border-color:#eaeaea;margin-left: auto;margin-right: auto;margin-top:24px;\"><\/div><div class=\"fusion-clearfix\"><\/div><\/div><\/div><div class=\"fusion-clearfix\"><\/div><\/div><\/div><div class=\"fusion-fullwidth fullwidth-box fusion-fullwidth-3  fusion-parallax-none nonhundred-percent-fullwidth\" style=\"border-color:#eaeaea;border-bottom-width: 0px;border-top-width: 0px;border-bottom-style: solid;border-top-style: solid;padding-bottom:20px;padding-top:20px;padding-left:;padding-right:;\"><style type=\"text\/css\" scoped=\"scoped\">.fusion-fullwidth-3 {\n                            padding-left: px !important;\n                            padding-right: px !important;\n                        }<\/style><div class=\"fusion-row\"><div class=\"fusion-one-full fusion-layout-column fusion-column-last fusion-spacing-yes\" style=\"margin-top:0px;margin-bottom:20px;\"><div class=\"fusion-column-wrapper\"><h2 data-lineheight=\"58\" data-fontsize=\"40\">K\u00fccheninseln liegen im Trend<\/h2>\n<p>Gerade in Neubauwohnungen und neuen H\u00e4usern entscheiden sich viele in der Planung f\u00fcr eine K\u00fcche mit Kochinsel. K\u00fccheninseln machen n\u00e4mlich nicht nur optisch einiges her, sondern bieten Hobbyk\u00f6chen ein breites Spektrum an Vorteilen und bieten ein hohes Ma\u00df an Komfort.<\/p>\n<p>Durch die zentrale Position bieten Kochinseln eine Menge Bewegungsfreiheit und erlauben gro\u00dfen Freiraum, der Ihnen ein neues Gef\u00fchl beim Kochen erm\u00f6glicht. Zudem ist der Blick in den Raum gewandt und anders als in herk\u00f6mmlichen K\u00fcchen nicht trist auf die Wand gerichtet. K\u00fccheninseln \u00f6ffnen somit auch den Wohnraum und laden zum gemeinsamen Kochen und einem kommunikativem Miteinander ein. F\u00fcr viele Deutsche gestaltet sich die K\u00fcche als Lebensmittelpunkt und gerade deswegen eignen sich K\u00fccheninseln perfekt f\u00fcr solche Familien. Sie repr\u00e4sentieren einen modernen Lebensstil, den Sie somit einfach kommunizieren k\u00f6nnen.<\/p>\n<p style=\"text-align: left;\">K\u00fccheninseln erm\u00f6glichen viel Platz f\u00fcr zus\u00e4tzlichen Stauraum oder f\u00fcr die Unterbringung weiterer elektrischer Ger\u00e4te. Auch die mehr als praktische Erweiterung der Arbeitsfl\u00e4che werden K\u00fcchen mit Kochinsel zu einem multifunktionalen Allround-Talent.<\/p>\n<div class=\"fusion-clearfix\"><\/div><\/div><\/div><div class=\"fusion-clearfix\"><\/div><\/div><\/div><div class=\"fusion-sep-clear\"><\/div><div class=\"fusion-separator fusion-full-width-sep sep-none\" style=\"border-color:#eaeaea;margin-left: auto;margin-right: auto;margin-top:75px;\"><\/div><div class=\"fusion-fullwidth fullwidth-box fusion-fullwidth-4  fusion-parallax-none nonhundred-percent-fullwidth\" style=\"border-color:#eaeaea;border-bottom-width: 0px;border-top-width: 0px;border-bottom-style: solid;border-top-style: solid;padding-bottom:20px;padding-top:20px;padding-left:;padding-right:;background-color:#25a9bd;\"><style type=\"text\/css\" scoped=\"scoped\">.fusion-fullwidth-4 {\n                            padding-left: px !important;\n                            padding-right: px !important;\n                        }<\/style><div class=\"fusion-row\"><div class=\"fusion-one-full fusion-layout-column fusion-column-last fusion-spacing-yes\" style=\"margin-top:0px;margin-bottom:20px;\"><div class=\"fusion-column-wrapper\"><div class=\"fusion-sep-clear\"><\/div><div class=\"fusion-separator fusion-full-width-sep sep-none\" style=\"border-color:#eaeaea;margin-left: auto;margin-right: auto;margin-top:25px;\"><\/div><h3 style=\"text-align: center;\" data-lineheight=\"58\" data-fontsize=\"40\"><span style=\"color: #ffffff;\">Eine K\u00fccheninsel besitzt gro\u00dfen Variantenreichtum<\/span><\/h3>\n<p style=\"text-align: center;\"><span style=\"color: #ffffff;\">Im Design sind K\u00fccheninseln sehr stark und bieten viele Anpassungs- und Individualisierungsm\u00f6glichkeiten. Beispielsweise k\u00f6nnen Esstische oder Sitzb\u00e4nke gleich integriert oder Theken leicht angebaut werden. Der zus\u00e4tzliche Stauraum kann mit Glast\u00fcren als Vitrine oder mit Schubladen f\u00fcr viele unterschiedliche Dinge genutzt werden. In der optischen Gestaltung sind Sie weiterhin sehr uneingeschr\u00e4nkt, da Kochinseln in jeder Stilrichtung von Hochglanz bis hin zu klassischem Design sehr edel und modern wirken.<\/span><\/p>\n<p style=\"text-align: center;\"><span style=\"color: #ffffff;\">Auch in der Form der K\u00fccheninsel besitzen Sie gro\u00dfe Freiheiten. Neben komplett freistehenden quadratischen und rechteckigen Inseln, bieten auch K\u00fcchen mit L-, U- und S-Form viele praktische Anwendungsm\u00f6glichkeiten. Gerade in etwas kleineren K\u00fcchen bietet es sich an, eine Seite der Kochinsel an eine Wand zu platzieren um den ben\u00f6tigten Platzbedarf zu reduzieren. In kleinen und l\u00e4nglichen, geschlossenen R\u00e4umen sollte auf eine K\u00fccheninsel jedoch verzichtet werden, da die ben\u00f6tigte Bewegungsfreiheit sonst nicht mehr gegeben w\u00e4re.<\/span><\/p>\n<div class=\"fusion-clearfix\"><\/div><\/div><\/div><div class=\"fusion-clearfix\"><\/div><\/div><\/div><div class=\"fusion-sep-clear\"><\/div><div class=\"fusion-separator fusion-full-width-sep sep-none\" style=\"border-color:#eaeaea;margin-left: auto;margin-right: auto;margin-top:100px;\"><\/div><div class=\"fusion-fullwidth fullwidth-box fusion-fullwidth-5  fusion-parallax-none nonhundred-percent-fullwidth\" style=\"border-color:#eaeaea;border-bottom-width: 0px;border-top-width: 0px;border-bottom-style: solid;border-top-style: solid;padding-bottom:20px;padding-top:20px;padding-left:;padding-right:;\"><style type=\"text\/css\" scoped=\"scoped\">.fusion-fullwidth-5 {\n                            padding-left: px !important;\n                            padding-right: px !important;\n                        }<\/style><div class=\"fusion-row\"><div class=\"fusion-one-half fusion-layout-column fusion-spacing-yes\" style=\"margin-top:0px;margin-bottom:20px;\"><div class=\"fusion-column-wrapper\"><span class=\"fusion-imageframe imageframe-none imageframe-1 hover-type-zoomin\"> <img src=\"https:\/\/www.kuechen.com\/ratgeber\/wp-content\/uploads\/k\u00fccheninseln-2.jpg\" alt=\"K\u00fccheninsel \/ Kochinsel sehr modern und klassisch im Design\" class=\"img-responsive\"\/><\/span><div class=\"fusion-content-boxes content-boxes columns fusion-columns-1 fusion-columns-total-1 fusion-content-boxes-1 content-boxes-icon-with-title row content-left\" data-animationOffset=\"100%\" style=\"margin-top:0px;margin-bottom:0px;\"><style type=\"text\/css\" scoped=\"scoped\">.fusion-content-boxes-1 .heading h2{color:#191919;}\n\t\t\t.fusion-content-boxes-1 .fusion-content-box-hover .link-area-link-icon-hover .heading h2,\n\t\t\t.fusion-content-boxes-1 .fusion-content-box-hover .link-area-link-icon-hover .heading .heading-link h2,\n\t\t\t.fusion-content-boxes-1 .fusion-content-box-hover .link-area-box-hover .heading h2,\n\t\t\t.fusion-content-boxes-1 .fusion-content-box-hover .link-area-box-hover .heading .heading-link h2,\n\t\t\t.fusion-content-boxes-1 .fusion-content-box-hover .link-area-link-icon-hover.link-area-box .fusion-read-more,\n\t\t\t.fusion-content-boxes-1 .fusion-content-box-hover .link-area-link-icon-hover.link-area-box .fusion-read-more::after,\n\t\t\t.fusion-content-boxes-1 .fusion-content-box-hover .link-area-link-icon-hover.link-area-box .fusion-read-more::before,\n\t\t\t.fusion-content-boxes-1 .fusion-content-box-hover .fusion-read-more:hover:after,\n\t\t\t.fusion-content-boxes-1 .fusion-content-box-hover .fusion-read-more:hover:before,\n\t\t\t.fusion-content-boxes-1 .fusion-content-box-hover .fusion-read-more:hover,\n\t\t\t.fusion-content-boxes-1 .fusion-content-box-hover .link-area-box-hover.link-area-box .fusion-read-more,\n\t\t\t.fusion-content-boxes-1 .fusion-content-box-hover .link-area-box-hover.link-area-box .fusion-read-more::after,\n\t\t\t.fusion-content-boxes-1 .fusion-content-box-hover .link-area-box-hover.link-area-box .fusion-read-more::before,\t\t\t\n\t\t\t.fusion-content-boxes-1 .fusion-content-box-hover .link-area-link-icon-hover .icon .circle-no,\n\t\t\t.fusion-content-boxes-1 .fusion-content-box-hover .link-area-box-hover .icon .circle-no {\n\t\t\t\tcolor: #ff8d61 !important;\n\t\t\t}\n\t\t\t.fusion-content-boxes-1 .fusion-content-box-hover .heading-link:hover .icon i.circle-yes,\n\t\t\t.fusion-content-boxes-1 .fusion-content-box-hover .link-area-box:hover .heading-link .icon i.circle-yes,\n\t\t\t.fusion-content-boxes-1 .fusion-content-box-hover .link-area-link-icon-hover .heading .icon i.circle-yes,\n\t\t\t.fusion-content-boxes-1 .fusion-content-box-hover .link-area-box-hover .heading .icon i.circle-yes {\n\t\t\t\tbackground-color: #ff8d61 !important;\n\t\t\t\tborder-color: #ff8d61 !important;\n\t\t\t}<\/style><div class=\"fusion-column content-box-column content-box-column-1 col-lg-12 col-md-12 col-sm-12 fusion-content-box-hover content-box-column-last content-box-column-last-in-row\"><div class=\"col content-wrapper link-area-box content-icon-wrapper-yes icon-hover-animation-fade\" style=\"background-color:transparent;\"><div class=\"heading icon-left\"><h2 class=\"content-box-heading\" style=\"font-size: 16px;line-height:21px;\">Hochwertige K\u00fccheninsel mit Einbauherd in Hochglanz wei\u00df direkt vom Hersteller, sprechen Sie uns an und vereinbaren Sie einen Beratungstermin<\/h2><\/div><div class=\"fusion-clearfix\"><\/div><div class=\"content-container\" style=\"color:#707070;\"><\/div><\/div><\/div><div class=\"fusion-clearfix\"><\/div><div class=\"fusion-clearfix\"><\/div><\/div><div class=\"fusion-clearfix\"><\/div><\/div><\/div><div class=\"fusion-one-half fusion-layout-column fusion-column-last fusion-spacing-yes\" style=\"margin-top:0px;margin-bottom:20px;\"><div class=\"fusion-column-wrapper\"><span class=\"fusion-imageframe imageframe-none imageframe-2 hover-type-zoomin\"> <img src=\"https:\/\/www.kuechen.com\/ratgeber\/wp-content\/uploads\/k\u00fccheninseln-4.jpg\" alt=\"K\u00fccheninsel im Landhausstil mit Marmorarbeitsplatte f\u00fcr Luxus K\u00fcchen\" class=\"img-responsive\"\/><\/span><div class=\"fusion-content-boxes content-boxes columns fusion-columns-1 fusion-columns-total-1 fusion-content-boxes-2 content-boxes-icon-with-title row content-left\" data-animationOffset=\"100%\" style=\"margin-top:0px;margin-bottom:0px;\"><style type=\"text\/css\" scoped=\"scoped\">.fusion-content-boxes-2 .heading h2{color:#191919;}\n\t\t\t.fusion-content-boxes-2 .fusion-content-box-hover .link-area-link-icon-hover .heading h2,\n\t\t\t.fusion-content-boxes-2 .fusion-content-box-hover .link-area-link-icon-hover .heading .heading-link h2,\n\t\t\t.fusion-content-boxes-2 .fusion-content-box-hover .link-area-box-hover .heading h2,\n\t\t\t.fusion-content-boxes-2 .fusion-content-box-hover .link-area-box-hover .heading .heading-link h2,\n\t\t\t.fusion-content-boxes-2 .fusion-content-box-hover .link-area-link-icon-hover.link-area-box .fusion-read-more,\n\t\t\t.fusion-content-boxes-2 .fusion-content-box-hover .link-area-link-icon-hover.link-area-box .fusion-read-more::after,\n\t\t\t.fusion-content-boxes-2 .fusion-content-box-hover .link-area-link-icon-hover.link-area-box .fusion-read-more::before,\n\t\t\t.fusion-content-boxes-2 .fusion-content-box-hover .fusion-read-more:hover:after,\n\t\t\t.fusion-content-boxes-2 .fusion-content-box-hover .fusion-read-more:hover:before,\n\t\t\t.fusion-content-boxes-2 .fusion-content-box-hover .fusion-read-more:hover,\n\t\t\t.fusion-content-boxes-2 .fusion-content-box-hover .link-area-box-hover.link-area-box .fusion-read-more,\n\t\t\t.fusion-content-boxes-2 .fusion-content-box-hover .link-area-box-hover.link-area-box .fusion-read-more::after,\n\t\t\t.fusion-content-boxes-2 .fusion-content-box-hover .link-area-box-hover.link-area-box .fusion-read-more::before,\t\t\t\n\t\t\t.fusion-content-boxes-2 .fusion-content-box-hover .link-area-link-icon-hover .icon .circle-no,\n\t\t\t.fusion-content-boxes-2 .fusion-content-box-hover .link-area-box-hover .icon .circle-no {\n\t\t\t\tcolor: #ff8d61 !important;\n\t\t\t}\n\t\t\t.fusion-content-boxes-2 .fusion-content-box-hover .heading-link:hover .icon i.circle-yes,\n\t\t\t.fusion-content-boxes-2 .fusion-content-box-hover .link-area-box:hover .heading-link .icon i.circle-yes,\n\t\t\t.fusion-content-boxes-2 .fusion-content-box-hover .link-area-link-icon-hover .heading .icon i.circle-yes,\n\t\t\t.fusion-content-boxes-2 .fusion-content-box-hover .link-area-box-hover .heading .icon i.circle-yes {\n\t\t\t\tbackground-color: #ff8d61 !important;\n\t\t\t\tborder-color: #ff8d61 !important;\n\t\t\t}<\/style><div class=\"fusion-column content-box-column content-box-column-1 col-lg-12 col-md-12 col-sm-12 fusion-content-box-hover content-box-column-last content-box-column-last-in-row\"><div class=\"col content-wrapper link-area-box content-icon-wrapper-yes icon-hover-animation-fade\" style=\"background-color:transparent;\"><div class=\"heading icon-left\"><h2 class=\"content-box-heading\" style=\"font-size: 16px;line-height:21px;\">Zeitlose Inselk\u00fcche im Landhausstil mit Marmorarbeitsplatte f\u00fcr Ihre neue K\u00fcche, vereinbaren Sie einen Beratungstermin, vor Ort oder bei Ihnen zu Hause.<\/h2><\/div><div class=\"fusion-clearfix\"><\/div><div class=\"content-container\" style=\"color:#707070;\"><\/div><\/div><\/div><div class=\"fusion-clearfix\"><\/div><div class=\"fusion-clearfix\"><\/div><\/div><div class=\"fusion-clearfix\"><\/div><\/div><\/div><div class=\"fusion-clearfix\"><\/div><div class=\"fusion-one-half fusion-layout-column fusion-spacing-yes\" style=\"margin-top:0px;margin-bottom:20px;\"><div class=\"fusion-column-wrapper\"><span class=\"fusion-imageframe imageframe-none imageframe-3 hover-type-zoomin\"> <img src=\"https:\/\/www.kuechen.com\/ratgeber\/wp-content\/uploads\/k\u00fccheninseln-3.jpg\" alt=\"K\u00fcchendesign\" class=\"img-responsive\"\/><\/span><div class=\"fusion-clearfix\"><\/div><\/div><\/div><div class=\"fusion-one-half fusion-layout-column fusion-column-last fusion-spacing-yes\" style=\"margin-top:0px;margin-bottom:20px;\"><div class=\"fusion-column-wrapper\"><span class=\"fusion-imageframe imageframe-none imageframe-4 hover-type-zoomin\"> <img src=\"https:\/\/www.kuechen.com\/ratgeber\/wp-content\/uploads\/k\u00fccheninseln-1.jpg\" alt=\"K\u00fcchendesign\" class=\"img-responsive\"\/><\/span><div class=\"fusion-clearfix\"><\/div><\/div><\/div><div class=\"fusion-clearfix\"><\/div><div class=\"fusion-sep-clear\"><\/div><div class=\"fusion-separator fusion-full-width-sep sep-none\" style=\"border-color:#eaeaea;margin-left: auto;margin-right: auto;margin-top:75px;\"><\/div><div class=\"fusion-one-full fusion-layout-column fusion-column-last fusion-spacing-yes\" style=\"margin-top:0px;margin-bottom:20px;\"><div class=\"fusion-column-wrapper\"><h3 data-lineheight=\"58\" data-fontsize=\"40\">Worauf m\u00fcssen Sie bei einer K\u00fcche mit Kochinsel achten?<\/h3>\n<p>Das gr\u00f6\u00dfte Problem an einer K\u00fccheninsel ist der Raum, den sie einnimmt und auch dringend ben\u00f6tigt. Um die Insel selbst sollte ausreichend Platz sein, um sich beim Kochen ungehindert bewegen zu k\u00f6nnen. Zwischen der K\u00fcchenzeile und der K\u00fccheninsel sollte der Abstand daher mindestens 80cm beantragen, f\u00fcr einen komfortablen Freiraum jedoch besser 120cm. Dennoch sollten die Laufwege m\u00f6glichst gering gehalten zu werden, um beim Kochen nur kurze Wege vor sich zu haben.<\/p>\n<p>In der Planung m\u00fcssen auch Anschl\u00fcsse f\u00fcr elektronische Ger\u00e4te oder Wassersysteme ber\u00fccksichtigt werden. Gerade in Altbauten und bei Renovierungen k\u00f6nnen die Kosten f\u00fcr den Umbau und dem Verlegen der Leitungen daher stark in die H\u00f6he schnellen, wenn beispielsweise das Kochfeld oder die Sp\u00fcle in die K\u00fccheninsel integriert werden soll. Wer eine K\u00fccheninsel selber bauen m\u00f6chte, muss diese Aspekte beachten. Alternativ sollten die meisten elektrischen Gro\u00dfger\u00e4te und das Sp\u00fclbecken in die K\u00fcchenzeile eingeplant werden.<\/p>\n<p>Doch gerade in Neubauten gestaltet sich die Planung einer K\u00fcche mit Kochinsel sehr flexibel, da Sie hier bei den Anschl\u00fcssen und der Breite der Insel am wenigsten eingeschr\u00e4nkt sind. Als Mieter sollten Sie gro\u00dfe \u00c4nderungen vorerst mit Ihrem Vermieter abkl\u00e4ren.<\/p>\n<div class=\"fusion-clearfix\"><\/div><\/div><\/div><div class=\"fusion-clearfix\"><\/div><div class=\"fusion-sep-clear\"><\/div><div class=\"fusion-separator fusion-full-width-sep sep-none\" style=\"border-color:#eaeaea;margin-left: auto;margin-right: auto;margin-top:75px;\"><\/div><div class=\"fusion-one-full fusion-layout-column fusion-column-last fusion-spacing-yes\" style=\"margin-top:0px;margin-bottom:20px;\"><div class=\"fusion-column-wrapper\"><span class=\"fusion-imageframe imageframe-none imageframe-5 hover-type-zoomin\"> <img src=\"https:\/\/www.kuechen.com\/ratgeber\/wp-content\/uploads\/k\u00fccheninseln-5.jpg\" alt=\"K\u00fccheninsel \/ Kochinsel sehr modern und klassisch im Design\" class=\"img-responsive\"\/><\/span><div class=\"fusion-clearfix\"><\/div><\/div><\/div><div class=\"fusion-clearfix\"><\/div><div class=\"fusion-sep-clear\"><\/div><div class=\"fusion-separator fusion-full-width-sep sep-none\" style=\"border-color:#eaeaea;margin-left: auto;margin-right: auto;margin-top:50px;\"><\/div><\/div><\/div>\n","protected":false},"excerpt":{"rendered":"","protected":false},"author":1,"featured_media":0,"parent":0,"menu_order":0,"comment_status":"closed","ping_status":"closed","template":"100-width.php","meta":[],"_links":{"self":[{"href":"https:\/\/www.kuechen.com\/ratgeber\/wp-json\/wp\/v2\/pages\/215"}],"collection":[{"href":"https:\/\/www.kuechen.com\/ratgeber\/wp-json\/wp\/v2\/pages"}],"about":[{"href":"https:\/\/www.kuechen.com\/ratgeber\/wp-json\/wp\/v2\/types\/page"}],"author":[{"embeddable":true,"href":"https:\/\/www.kuechen.com\/ratgeber\/wp-json\/wp\/v2\/users\/1"}],"replies":[{"embeddable":true,"href":"https:\/\/www.kuechen.com\/ratgeber\/wp-json\/wp\/v2\/comments?post=215"}],"version-history":[{"count":11,"href":"https:\/\/www.kuechen.com\/ratgeber\/wp-json\/wp\/v2\/pages\/215\/revisions"}],"predecessor-version":[{"id":764,"href":"https:\/\/www.kuechen.com\/ratgeber\/wp-json\/wp\/v2\/pages\/215\/revisions\/764"}],"wp:attachment":[{"href":"https:\/\/www.kuechen.com\/ratgeber\/wp-json\/wp\/v2\/media?parent=215"}],"curies":[{"name":"wp","href":"https:\/\/api.w.org\/{rel}","templated":true}]}}